{"id":6,"date":"2018-03-29T22:26:55","date_gmt":"2018-03-29T19:26:55","guid":{"rendered":"http:\/\/www.sevcanbolugur.com\/tr\/?page_id=6"},"modified":"2024-04-18T16:37:24","modified_gmt":"2024-04-18T13:37:24","slug":"bize-ulasin","status":"publish","type":"page","link":"https:\/\/sevcanbolugur.com\/tr\/bize-ulasin\/","title":{"rendered":"\u0130leti\u015fim"},"content":{"rendered":"\n<h4 style=\"text-align: center;\"><em>SADECE BAYAN M\u00dcSTER\u0130LERE H\u0130ZMET VERMEKTEY\u0130Z.<\/em><\/h4>\n<br>\n\n\n<div id=\"flxmap-6a0351636bca0\" class='flxmap-container' data-flxmap='flxmap_6a0351636bca0' style=\"width:100%;height:500px;\"><\/div>\n<script data-noptimize=\"1\">\n\/* <![CDATA[ *\/\n(function(w, fn) {\n if (w.addEventListener) w.addEventListener(\"DOMContentLoaded\", fn, false);\n else if (w.attachEvent) w.attachEvent(\"onload\", fn);\n})(window, function() {\n var f = new FlexibleMap();\n f.setlocale(\"tr-TR\");\n f.zoom = 16;\n f.markerTitle = \"Sevcan Bolu\u011fur Beauty \\& Nail SPA\";\n f.markerDescription = \"Lobi Parlas Residence \\& Office (Avc\u0131lar),\\n Kaz\u0131m Dirik Mahallesi, \u00dcniversite Caddesi,\\n No: 72, Kat: 4, Daire: 408,\\n PK: 35100, Bornova \\\/ \u0130zmir\";\n f.showMarker(\"flxmap-6a0351636bca0\", [38.45313,27.197733], [38.45313,27.197733]);\n window.flxmap_6a0351636bca0 = f;\n});\n\/* ]]> *\/\n<\/script>\n\n<p>&nbsp;<\/p>\n\n<div class=\"wpcf7 no-js\" id=\"wpcf7-f2268-o1\" lang=\"tr-TR\" dir=\"ltr\" data-wpcf7-id=\"2268\">\n<div class=\"screen-reader-response\"><p role=\"status\" aria-live=\"polite\" aria-atomic=\"true\"><\/p> <ul><\/ul><\/div>\n<form action=\"\/tr\/wp-json\/wp\/v2\/pages\/6#wpcf7-f2268-o1\" method=\"post\" class=\"wpcf7-form init\" aria-label=\"\u0130leti\u015fim Formu\" novalidate=\"novalidate\" data-status=\"init\">\n<div style=\"display: none;\">\n<input type=\"hidden\" name=\"_wpcf7\" value=\"2268\" \/>\n<input type=\"hidden\" name=\"_wpcf7_version\" value=\"6.0.6\" \/>\n<input type=\"hidden\" name=\"_wpcf7_locale\" value=\"tr_TR\" \/>\n<input type=\"hidden\" name=\"_wpcf7_unit_tag\" value=\"wpcf7-f2268-o1\" \/>\n<input type=\"hidden\" name=\"_wpcf7_container_post\" value=\"0\" \/>\n<input type=\"hidden\" name=\"_wpcf7_posted_data_hash\" value=\"\" \/>\n<input type=\"hidden\" name=\"_wpcf7_recaptcha_response\" value=\"\" \/>\n<\/div>\n<p><label style=\"width:70%;\"> \u0130sminiz (*) <span class=\"wpcf7-form-control-wrap\" data-name=\"your-name\"><input size=\"40\" maxlength=\"400\" class=\"wpcf7-form-control wpcf7-text wpcf7-validates-as-required\" aria-required=\"true\" aria-invalid=\"false\" value=\"\" type=\"text\" name=\"your-name\" \/><\/span> <\/label>\n<\/p>\n<p><label style=\"width:70%;\"> E-posta adresiniz (*) <span class=\"wpcf7-form-control-wrap\" data-name=\"your-email\"><input size=\"40\" maxlength=\"400\" class=\"wpcf7-form-control wpcf7-email wpcf7-text wpcf7-validates-as-email\" aria-invalid=\"false\" value=\"\" type=\"email\" name=\"your-email\" \/><\/span> <\/label>\n<\/p>\n<p><label style=\"width:70%;\"> Telefon <span class=\"wpcf7-form-control-wrap\" data-name=\"tel-no\"><input size=\"40\" maxlength=\"400\" class=\"wpcf7-form-control wpcf7-tel wpcf7-text wpcf7-validates-as-tel\" aria-invalid=\"false\" placeholder=\"0 (5--) --- -- --\" value=\"\" type=\"tel\" name=\"tel-no\" \/><\/span> <\/label>\n<\/p>\n<p><label style=\"width:100%;\"> Notunuz (*) <span class=\"wpcf7-form-control-wrap\" data-name=\"your-message\"><textarea cols=\"40\" rows=\"10\" maxlength=\"2000\" class=\"wpcf7-form-control wpcf7-textarea\" aria-invalid=\"false\" name=\"your-message\"><\/textarea><\/span> <\/label>\n<\/p>\n<div style=\"width:100%;\">\n\t<p><input class=\"wpcf7-form-control wpcf7-submit has-spinner iletisim-submit\" type=\"submit\" value=\"G\u00f6nder\" \/>\n\t<\/p>\n<\/div><div class=\"wpcf7-response-output\" aria-hidden=\"true\"><\/div>\n<\/form>\n<\/div>\n","protected":false},"excerpt":{"rendered":"<p>SADECE BAYAN M\u00dcSTER\u0130LERE H\u0130ZMET VERMEKTEY\u0130Z. &nbsp;<\/p>\n","protected":false},"author":1,"featured_media":0,"parent":0,"menu_order":0,"comment_status":"closed","ping_status":"closed","template":"","meta":{"footnotes":""},"class_list":["post-6","page","type-page","status-publish","hentry"],"_links":{"self":[{"href":"https:\/\/sevcanbolugur.com\/tr\/wp-json\/wp\/v2\/pages\/6","targetHints":{"allow":["GET"]}}],"collection":[{"href":"https:\/\/sevcanbolugur.com\/tr\/wp-json\/wp\/v2\/pages"}],"about":[{"href":"https:\/\/sevcanbolugur.com\/tr\/wp-json\/wp\/v2\/types\/page"}],"author":[{"embeddable":true,"href":"https:\/\/sevcanbolugur.com\/tr\/wp-json\/wp\/v2\/users\/1"}],"replies":[{"embeddable":true,"href":"https:\/\/sevcanbolugur.com\/tr\/wp-json\/wp\/v2\/comments?post=6"}],"version-history":[{"count":0,"href":"https:\/\/sevcanbolugur.com\/tr\/wp-json\/wp\/v2\/pages\/6\/revisions"}],"wp:attachment":[{"href":"https:\/\/sevcanbolugur.com\/tr\/wp-json\/wp\/v2\/media?parent=6"}],"curies":[{"name":"wp","href":"https:\/\/api.w.org\/{rel}","templated":true}]}}